{"id":453,"date":"2025-07-15T15:57:53","date_gmt":"2025-07-15T15:57:53","guid":{"rendered":"https:\/\/td-podcetrtek.si\/?page_id=453"},"modified":"2025-07-21T18:21:26","modified_gmt":"2025-07-21T18:21:26","slug":"td-podcetrtek-v-letu-2025","status":"publish","type":"page","link":"https:\/\/td-podcetrtek.si\/","title":{"rendered":""},"content":{"rendered":"\n<pre class=\"wp-block-preformatted has-black-color has-text-color has-link-color has-large-font-size wp-elements-f24faf01948c8f039547ecd3411a3bd3\">          <strong>Turisti\u010dno dru\u0161tvo Pod\u010detrtek obele\u017euje 120 let delovanja<\/strong><\/pre>\n\n\n<div class=\"wp-block-image\">\n<figure class=\"aligncenter size-full is-resized\"><img loading=\"lazy\" decoding=\"async\" width=\"835\" height=\"384\" src=\"https:\/\/td-podcetrtek.si\/wp-content\/uploads\/2025\/07\/Podcetrtek-25.jpg\" alt=\"\" class=\"wp-image-454\" style=\"width:840px;height:auto\" srcset=\"https:\/\/td-podcetrtek.si\/wp-content\/uploads\/2025\/07\/Podcetrtek-25.jpg 835w, https:\/\/td-podcetrtek.si\/wp-content\/uploads\/2025\/07\/Podcetrtek-25-300x138.jpg 300w, https:\/\/td-podcetrtek.si\/wp-content\/uploads\/2025\/07\/Podcetrtek-25-768x353.jpg 768w\" sizes=\"auto, (max-width: 835px) 100vw, 835px\" \/><\/figure>\n<\/div>\n\n\n<p class=\"has-black-color has-text-color has-link-color has-medium-font-size wp-elements-8013a85357642d7aec1677a77fe85c9e\">Leto 2025 je za Turisti\u010dno dru\u0161tvo Pod\u010detrtek posebno jubilejno leto, saj obele\u017eujemo 120 let od ustanovitve <a><\/a>dru\u0161tva. To \u010dastitljivo obletnico \u017eelimo proslaviti na na\u010din, ki odra\u017ea dolgoletno predanost kraju, povezovanju ljudi in sodelovanju znotraj lokalne skupnosti in \u0161ir\u0161e.<\/p>\n\n\n\n<p class=\"has-black-color has-text-color has-link-color has-medium-font-size wp-elements-b81aa774c783bac8a7d1447ce8cb13f8\">V duhu obletnice bomo vsak mesec pripravili eno izmed dru\u0161tvenih dejavnosti, ki bodo raznoliko obogatile dogajanje ali druga\u010de prispevale na\u0161emu kraju. Nekatere aktivnosti, katerih del bomo, bodo tradicionalne, tiste, ki so postale nepogre\u0161ljiv del lokalnega utripa (sodelovanje na sejmih, razpisi za ocenjevanje okolja in domov, zbiranje fotografij za koledar Ob\u010dine \u2026), medtem ko bodo druge osredoto\u010dene na mlade in na spodbujanje njihovega vklju\u010devanja (projekti Turisti\u010dne zveze, sodelovanje z lokalno O\u0160 Pod\u010detrtek, sejemske predstavitve turisti\u010dnih kro\u017ekov\u2026). Organizirali bomo tudi dogodke za vse starostne skupine, s \u010dimer bomo okrepili medgeneracijsko sodelovanje (pohodi, izleti).<\/p>\n\n\n\n<p class=\"has-black-color has-text-color has-link-color has-medium-font-size wp-elements-1221d4566fa9ce794269519d911faa56\">Poseben poudarek bo namenjen inovativnim dejavnostim z uporabo multimedijskih vsebin, aktivnostim, ki vabijo k sodelovanju z drugimi lokalnimi organizacijami in dru\u0161tvi, ter dogodkom, odprtim \u0161ir\u0161i javnosti. Hkrati bomo poskrbeli za posebne programe, zasnovane \u0161e posebej za na\u0161e \u010dlane, s \u010dimer bomo poudarili pomen \u010dlanstva v dru\u0161tvu.<\/p>\n\n\n\n<pre class=\"wp-block-preformatted has-black-color has-text-color has-link-color has-medium-font-size wp-elements-37b614908462ce31f7c565a3498697ef\"><strong>Vse dejavnosti, ki jih bomo pripravili, povezuje skupen cilj, ki odra\u017ea predanost kraju, sodelovanju in vklju\u010devanju \u0161ir\u0161e javnosti ter krepitvi vezi z lokalno skupnostjo.<\/strong><\/pre>\n\n\n\n<p class=\"has-black-color has-text-color has-link-color has-medium-font-size wp-elements-356b7d130b1bfc14b6df493a26c6a601\">Verjamemo, da bomo s svojo vklju\u010denostjo in programom ter skupnimi prizadevanji pomagali ustvarili leto, polno nepozabnih trenutkov, in hkrati \u0161e dodatno prispevali k prepoznavnosti Pod\u010detrtka kot kraja z bogato dedi\u0161\u010dino in vizijo za prihodnost.<\/p>\n\n\n\n<pre class=\"wp-block-preformatted has-black-color has-text-color has-link-color has-medium-font-size wp-elements-5e29dfc081fc18307221c3047e498db1\"><strong>Vabljeni, da se nam pridru\u017eite pri dogodkih, ki jih bomo pripravili in pri katerih bomo sodelovali. Pomembni jubileji se vedno najpristneje obele\u017eijo z dru\u017eenji in skupnimi dobrimi deli. Pomagajte nam soustvarjati nepozabno leto 2025!<\/strong><\/pre>\n\n\n\n<p class=\"has-black-color has-text-color has-link-color has-medium-font-size wp-elements-c0d23e1fbb1a8f8d1a63ed4dabb2ca47\"><strong>TD POD\u010cETRTEK<\/strong><\/p>\n\n\n\n<p><\/p>\n","protected":false},"excerpt":{"rendered":"<p>Turisti\u010dno dru\u0161tvo Pod\u010detrtek obele\u017euje 120 let delovanja Leto 2025 je za Turisti\u010dno dru\u0161tvo Pod\u010detrtek posebno jubilejno leto, saj obele\u017eujemo 120 let od ustanovitve dru\u0161tva. To \u010dastitljivo obletnico \u017eelimo proslaviti na na\u010din, ki odra\u017ea dolgoletno predanost kraju, povezovanju ljudi in sodelovanju znotraj lokalne skupnosti in \u0161ir\u0161e. V duhu obletnice bomo vsak mesec pripravili eno izmed dru\u0161tvenih&#8230;<\/p>\n","protected":false},"author":3,"featured_media":0,"parent":0,"menu_order":0,"comment_status":"closed","ping_status":"closed","template":"","meta":{"footnotes":""},"class_list":["post-453","page","type-page","status-publish","hentry"],"_links":{"self":[{"href":"https:\/\/td-podcetrtek.si\/index.php?rest_route=\/wp\/v2\/pages\/453","targetHints":{"allow":["GET"]}}],"collection":[{"href":"https:\/\/td-podcetrtek.si\/index.php?rest_route=\/wp\/v2\/pages"}],"about":[{"href":"https:\/\/td-podcetrtek.si\/index.php?rest_route=\/wp\/v2\/types\/page"}],"author":[{"embeddable":true,"href":"https:\/\/td-podcetrtek.si\/index.php?rest_route=\/wp\/v2\/users\/3"}],"replies":[{"embeddable":true,"href":"https:\/\/td-podcetrtek.si\/index.php?rest_route=%2Fwp%2Fv2%2Fcomments&post=453"}],"version-history":[{"count":7,"href":"https:\/\/td-podcetrtek.si\/index.php?rest_route=\/wp\/v2\/pages\/453\/revisions"}],"predecessor-version":[{"id":887,"href":"https:\/\/td-podcetrtek.si\/index.php?rest_route=\/wp\/v2\/pages\/453\/revisions\/887"}],"wp:attachment":[{"href":"https:\/\/td-podcetrtek.si\/index.php?rest_route=%2Fwp%2Fv2%2Fmedia&parent=453"}],"curies":[{"name":"wp","href":"https:\/\/api.w.org\/{rel}","templated":true}]}}