{"id":574,"date":"2025-07-16T07:18:02","date_gmt":"2025-07-16T07:18:02","guid":{"rendered":"https:\/\/td-podcetrtek.si\/?page_id=574"},"modified":"2025-07-21T20:37:23","modified_gmt":"2025-07-21T20:37:23","slug":"turisticne-novice-ob-110-letnici","status":"publish","type":"page","link":"https:\/\/td-podcetrtek.si\/?page_id=574","title":{"rendered":"110 LET TD POD\u010cETRTEK LETA 2015"},"content":{"rendered":"\n<p class=\"has-medium-font-size\"><strong>Turisti\u010dno dru\u0161tvo Pod\u010detrtek \u2013 110 let tradicije in predanosti kraju<\/strong><\/p>\n\n\n\n<p>Ob praznovanju 110-letnice delovanja je Turisti\u010dno dru\u0161tvo Pod\u010detrtek leta 2015 s ponosom izdalo posebno jubilejno \u0161tevilko <em>Turisti\u010dnih novic<\/em>. Publikacija je obudila ve\u010d kot stoletje dolgo zgodbo dru\u0161tva, ki je bilo ustanovljeno \u017ee leta 1905 kot Turisti\u010dno-olep\u0161evalno dru\u0161tvo, in z besedili, slikovnim gradivom ter osebnimi pri\u010devanji prikazala neprecenljiv prispevek dru\u0161tva k razvoju turizma, urejanju kraja in povezovanju skupnosti.<\/p>\n\n\n\n<p>\u010casopis bralce popelje od za\u010detkov turizma ob termalnih izvirih, preko razvoja Atomskih toplic, pa vse do sodobne turisti\u010dne destinacije Terme Olimia. Vsebuje zgodovinske zapise, intervjuje z zaslu\u017enimi posamezniki in pregled delovanja dru\u0161tva, ki je tudi po predaji upravljanja toplic ostalo pomemben \u010dlen v promociji in urejanju kraja.<\/p>\n\n\n\n<p>Izdaja je bila poklon bogati preteklosti in hkrati spodbuda za nadaljnji razvoj turizma v kraju, kjer je doma toplina, gostoljubje in zgodba, ki traja \u017ee ve\u010d kot stoletje.<\/p>\n\n\n\n<div data-wp-interactive=\"core\/file\" class=\"wp-block-file aligncenter has-white-background-color has-background\"><object data-wp-bind--hidden=\"!state.hasPdfPreview\" hidden class=\"wp-block-file__embed\" data=\"https:\/\/td-podcetrtek.si\/wp-content\/uploads\/2025\/07\/stevilka-110_2015-7-1.pdf\" type=\"application\/pdf\" style=\"width:100%;height:1061px\" aria-label=\"Embed of stevilka 110_2015 (7).\"><\/object><a id=\"wp-block-file--media-97df5f7a-5b9a-4d43-bc5a-79ba7274a0ba\" href=\"https:\/\/td-podcetrtek.si\/wp-content\/uploads\/2025\/07\/stevilka-110_2015-7-1.pdf\">stevilka 110_2015 (7)<\/a><a href=\"https:\/\/td-podcetrtek.si\/wp-content\/uploads\/2025\/07\/stevilka-110_2015-7-1.pdf\" class=\"wp-block-file__button wp-element-button\" download aria-describedby=\"wp-block-file--media-97df5f7a-5b9a-4d43-bc5a-79ba7274a0ba\">Download<\/a><\/div>\n","protected":false},"excerpt":{"rendered":"<p>Turisti\u010dno dru\u0161tvo Pod\u010detrtek \u2013 110 let tradicije in predanosti kraju Ob praznovanju 110-letnice delovanja je Turisti\u010dno dru\u0161tvo Pod\u010detrtek leta 2015 s ponosom izdalo posebno jubilejno \u0161tevilko Turisti\u010dnih novic. Publikacija je obudila ve\u010d kot stoletje dolgo zgodbo dru\u0161tva, ki je bilo ustanovljeno \u017ee leta 1905 kot Turisti\u010dno-olep\u0161evalno dru\u0161tvo, in z besedili, slikovnim gradivom ter osebnimi pri\u010devanji&#8230;<\/p>\n","protected":false},"author":3,"featured_media":0,"parent":566,"menu_order":0,"comment_status":"closed","ping_status":"closed","template":"","meta":{"footnotes":""},"class_list":["post-574","page","type-page","status-publish","hentry"],"_links":{"self":[{"href":"https:\/\/td-podcetrtek.si\/index.php?rest_route=\/wp\/v2\/pages\/574","targetHints":{"allow":["GET"]}}],"collection":[{"href":"https:\/\/td-podcetrtek.si\/index.php?rest_route=\/wp\/v2\/pages"}],"about":[{"href":"https:\/\/td-podcetrtek.si\/index.php?rest_route=\/wp\/v2\/types\/page"}],"author":[{"embeddable":true,"href":"https:\/\/td-podcetrtek.si\/index.php?rest_route=\/wp\/v2\/users\/3"}],"replies":[{"embeddable":true,"href":"https:\/\/td-podcetrtek.si\/index.php?rest_route=%2Fwp%2Fv2%2Fcomments&post=574"}],"version-history":[{"count":3,"href":"https:\/\/td-podcetrtek.si\/index.php?rest_route=\/wp\/v2\/pages\/574\/revisions"}],"predecessor-version":[{"id":896,"href":"https:\/\/td-podcetrtek.si\/index.php?rest_route=\/wp\/v2\/pages\/574\/revisions\/896"}],"up":[{"embeddable":true,"href":"https:\/\/td-podcetrtek.si\/index.php?rest_route=\/wp\/v2\/pages\/566"}],"wp:attachment":[{"href":"https:\/\/td-podcetrtek.si\/index.php?rest_route=%2Fwp%2Fv2%2Fmedia&parent=574"}],"curies":[{"name":"wp","href":"https:\/\/api.w.org\/{rel}","templated":true}]}}