{"id":634,"date":"2025-07-17T21:05:34","date_gmt":"2025-07-17T21:05:34","guid":{"rendered":"https:\/\/td-podcetrtek.si\/?page_id=634"},"modified":"2025-07-17T22:49:42","modified_gmt":"2025-07-17T22:49:42","slug":"podatki-in-kontakt","status":"publish","type":"page","link":"https:\/\/td-podcetrtek.si\/?page_id=634","title":{"rendered":"PODATKI IN KONTAKT"},"content":{"rendered":"\n<div class=\"wp-block-group has-black-color has-text-color has-link-color has-medium-font-size wp-elements-aa11e4776680ebe6bc0661210bb08561 is-vertical is-layout-flex wp-container-core-group-is-layout-8cf370e7 wp-block-group-is-layout-flex\">\n<p><strong>TD Pod\u010detrtek<\/strong><\/p>\n\n\n\n<p><strong>\u0160kofja Gora 1<\/strong><\/p>\n\n\n\n<p><strong>3254 Pod\u010detrtek<\/strong><\/p>\n<\/div>\n\n\n\n<p class=\"has-black-color has-text-color has-link-color has-medium-font-size wp-elements-0a8ce942db8821dc228a8ca4c32ecc26\">email: td.podcetrtek@gmail.com<\/p>\n\n\n\n<p class=\"has-black-color has-text-color has-link-color has-medium-font-size wp-elements-4ab7d6dbb8f475d6960c7eddb22a8136\">FB: <a href=\"https:\/\/www.facebook.com\/podcetrtek\/?locale=sl_SI\">https:\/\/www.facebook.com\/podcetrtek\/?locale=sl_SI<\/a> <\/p>\n\n\n\n<p class=\"has-black-color has-text-color has-link-color has-medium-font-size wp-elements-d531c2fa0770def55b0ac4abf83702af\">Instagram: <a href=\"https:\/\/www.instagram.com\/td.podcetrtek\/\">https:\/\/www.instagram.com\/td.podcetrtek\/<\/a> <\/p>\n\n\n\n<p class=\"has-black-color has-text-color has-link-color has-medium-font-size wp-elements-35ab02647acf03bee5e910391514f4a8\">TRR: SI56 0400 1004 7473 244 <em>(OTP banka d.d.)<\/em><\/p>\n\n\n\n<p class=\"has-black-color has-text-color has-link-color has-medium-font-size wp-elements-51ddfcfccdb808a2b341984b146ce8e6\">Dav\u010dna \u0161tevilka: 42536120<\/p>\n\n\n\n<p><\/p>\n\n\n\n<p><\/p>\n","protected":false},"excerpt":{"rendered":"<p>TD Pod\u010detrtek \u0160kofja Gora 1 3254 Pod\u010detrtek email: td.podcetrtek@gmail.com FB: https:\/\/www.facebook.com\/podcetrtek\/?locale=sl_SI Instagram: https:\/\/www.instagram.com\/td.podcetrtek\/ TRR: SI56 0400 1004 7473 244 (OTP banka d.d.) Dav\u010dna \u0161tevilka: 42536120<\/p>\n","protected":false},"author":3,"featured_media":350,"parent":0,"menu_order":0,"comment_status":"closed","ping_status":"closed","template":"","meta":{"footnotes":""},"class_list":["post-634","page","type-page","status-publish","has-post-thumbnail","hentry"],"_links":{"self":[{"href":"https:\/\/td-podcetrtek.si\/index.php?rest_route=\/wp\/v2\/pages\/634","targetHints":{"allow":["GET"]}}],"collection":[{"href":"https:\/\/td-podcetrtek.si\/index.php?rest_route=\/wp\/v2\/pages"}],"about":[{"href":"https:\/\/td-podcetrtek.si\/index.php?rest_route=\/wp\/v2\/types\/page"}],"author":[{"embeddable":true,"href":"https:\/\/td-podcetrtek.si\/index.php?rest_route=\/wp\/v2\/users\/3"}],"replies":[{"embeddable":true,"href":"https:\/\/td-podcetrtek.si\/index.php?rest_route=%2Fwp%2Fv2%2Fcomments&post=634"}],"version-history":[{"count":7,"href":"https:\/\/td-podcetrtek.si\/index.php?rest_route=\/wp\/v2\/pages\/634\/revisions"}],"predecessor-version":[{"id":678,"href":"https:\/\/td-podcetrtek.si\/index.php?rest_route=\/wp\/v2\/pages\/634\/revisions\/678"}],"wp:featuredmedia":[{"embeddable":true,"href":"https:\/\/td-podcetrtek.si\/index.php?rest_route=\/wp\/v2\/media\/350"}],"wp:attachment":[{"href":"https:\/\/td-podcetrtek.si\/index.php?rest_route=%2Fwp%2Fv2%2Fmedia&parent=634"}],"curies":[{"name":"wp","href":"https:\/\/api.w.org\/{rel}","templated":true}]}}